{"id":112,"date":"2022-10-05T15:15:09","date_gmt":"2022-10-05T13:15:09","guid":{"rendered":"https:\/\/sop-ka.sk\/?page_id=112"},"modified":"2022-10-12T13:22:10","modified_gmt":"2022-10-12T11:22:10","slug":"technicka-podpora-2","status":"publish","type":"page","link":"https:\/\/sop-ka.sk\/?page_id=112","title":{"rendered":"Technick\u00e1 podpora"},"content":{"rendered":"<p>[vc_row][vc_column]<div id=\"ultimate-heading-956469e30100f0f9a\" class=\"uvc-heading ult-adjust-bottom-margin ultimate-heading-956469e30100f0f9a uvc-6711 \" data-hspacer=\"no_spacer\"  data-halign=\"center\" style=\"text-align:center\"><div class=\"uvc-heading-spacer no_spacer\" style=\"top\"><\/div><div class=\"uvc-sub-heading ult-responsive\"  data-ultimate-target='.uvc-heading.ultimate-heading-956469e30100f0f9a .uvc-sub-heading '  data-responsive-json-new='{\"font-size\":\"\",\"line-height\":\"\"}'  style=\"font-weight:normal;\">Technick\u00fa podporu treba kontaktova\u0165 v pr\u00edpade ak slu\u017eba alebo zariadenie (modem\/pr\u00e9miov\u00fd box)\u00a0 (modem)nepracuje podla slu\u017eieb ktor\u00e9 m\u00e1te zazmluvnen\u00e9<\/div><\/div>[\/vc_column][\/vc_row][vc_row][vc_column width=&#8220;1\/2&#8243;]<div class=\"aio-icon-component    style_1\"><div id=\"Info-box-wrap-5890\" class=\"aio-icon-box default-icon\" style=\"\"  ><div class=\"aio-icon-default\"><div class=\"ult-just-icon-wrapper  \"><div class=\"align-icon\" style=\"text-align:center;\">\n<div class=\"aio-icon none \"  style=\"color:#81d742;font-size:32px;display:inline-block;\">\n\t<i class=\"Defaults-phone\"><\/i>\n<\/div><\/div><\/div><\/div><div class=\"aio-icon-description ult-responsive\"  data-ultimate-target='#Info-box-wrap-5890 .aio-icon-description'  data-responsive-json-new='{\"font-size\":\"\",\"line-height\":\"\"}'  style=\"\"><\/p>\n<ul>\n<li><strong>Servis infolinka\u00a0 tel: 0850 111 311<\/strong><\/li>\n<li><strong>Nahlasovanie por\u00fach, inform\u00e1cie (po\u010das str\u00e1nkov\u00fdch hod\u00edn): tel: 0948 046 045<\/strong><\/li>\n<li><strong>Internetov\u00e9 pr\u00edpojky ,nov\u00e9 zmluvy tel: 02 20828208 -vo\u013eba 2<\/strong><\/li>\n<li><strong>K\u00e1blov\u00e1 telev\u00edzia tel: 02 20828208 -vo\u013eba 2<\/strong><\/li>\n<\/ul>\n<p><\/div> <!-- description --><\/div> <!-- aio-icon-box --><\/div> <!-- aio-icon-component -->[\/vc_column][vc_column width=&#8220;1\/2&#8243;]<div class=\"aio-icon-component    style_1\"><div id=\"Info-box-wrap-5188\" class=\"aio-icon-box default-icon\" style=\"\"  ><div class=\"aio-icon-default\"><div class=\"ult-just-icon-wrapper  \"><div class=\"align-icon\" style=\"text-align:center;\">\n<div class=\"aio-icon none \"  style=\"color:#81d742;font-size:32px;display:inline-block;\">\n\t<i class=\"Defaults-envelope-o\"><\/i>\n<\/div><\/div><\/div><\/div><div class=\"aio-icon-description ult-responsive\"  data-ultimate-target='#Info-box-wrap-5188 .aio-icon-description'  data-responsive-json-new='{\"font-size\":\"\",\"line-height\":\"\"}'  style=\"\"><\/p>\n<ul>\n<li><strong>Servis infolinka\u00a0 tel: 0850 111 311<\/strong><\/li>\n<li><strong>Nahlasovanie por\u00fach, inform\u00e1cie (po\u010das str\u00e1nkov\u00fdch hod\u00edn): tel: 0948 046 045<\/strong><\/li>\n<li><strong>Internetov\u00e9 pr\u00edpojky ,nov\u00e9 zmluvy tel: 02 20828208 -vo\u013eba 2<\/strong><\/li>\n<li><strong>K\u00e1blov\u00e1 telev\u00edzia tel: 02 20828208 -vo\u013eba 2<\/strong><\/li>\n<\/ul>\n<p><\/div> <!-- description --><\/div> <!-- aio-icon-box --><\/div> <!-- aio-icon-component -->[\/vc_column][\/vc_row]<\/p>\n","protected":false},"excerpt":{"rendered":"<p>[vc_row][vc_column][\/vc_column][\/vc_row][vc_row][vc_column width=&#8220;1\/2&#8243;][\/vc_column][vc_column width=&#8220;1\/2&#8243;][\/vc_column][\/vc_row]<\/p>\n","protected":false},"author":1,"featured_media":0,"parent":0,"menu_order":0,"comment_status":"closed","ping_status":"closed","template":"","meta":{"footnotes":""},"class_list":["post-112","page","type-page","status-publish","hentry"],"_links":{"self":[{"href":"https:\/\/sop-ka.sk\/index.php?rest_route=\/wp\/v2\/pages\/112","targetHints":{"allow":["GET"]}}],"collection":[{"href":"https:\/\/sop-ka.sk\/index.php?rest_route=\/wp\/v2\/pages"}],"about":[{"href":"https:\/\/sop-ka.sk\/index.php?rest_route=\/wp\/v2\/types\/page"}],"author":[{"embeddable":true,"href":"https:\/\/sop-ka.sk\/index.php?rest_route=\/wp\/v2\/users\/1"}],"replies":[{"embeddable":true,"href":"https:\/\/sop-ka.sk\/index.php?rest_route=%2Fwp%2Fv2%2Fcomments&post=112"}],"version-history":[{"count":8,"href":"https:\/\/sop-ka.sk\/index.php?rest_route=\/wp\/v2\/pages\/112\/revisions"}],"predecessor-version":[{"id":149,"href":"https:\/\/sop-ka.sk\/index.php?rest_route=\/wp\/v2\/pages\/112\/revisions\/149"}],"wp:attachment":[{"href":"https:\/\/sop-ka.sk\/index.php?rest_route=%2Fwp%2Fv2%2Fmedia&parent=112"}],"curies":[{"name":"wp","href":"https:\/\/api.w.org\/{rel}","templated":true}]}}