{"id":144,"date":"2022-10-12T11:27:44","date_gmt":"2022-10-12T09:27:44","guid":{"rendered":"https:\/\/sop-ka.sk\/?page_id=144"},"modified":"2024-04-29T21:09:52","modified_gmt":"2024-04-29T19:09:52","slug":"internet-a-televizia","status":"publish","type":"page","link":"https:\/\/sop-ka.sk\/?page_id=144","title":{"rendered":"Internet a Telev\u00edzia"},"content":{"rendered":"<p>[vc_row][vc_column][vc_column_text]<\/p>\n<table style=\"border-collapse: collapse; width: 48.8349%; height: 304px;\">\n<tbody>\n<tr>\n<td style=\"width: 34.1144%;\" colspan=\"4\">\n<p style=\"text-align: center;\"><strong>Cenn\u00edk slu\u017eieb ob\u010dania<\/strong><\/p>\n<\/td>\n<\/tr>\n<tr style=\"height: 56px;\">\n<td style=\"width: 15.0296%; height: 56px;\" width=\"204\"><strong>N\u00e1zov slu\u017eby<\/strong><\/td>\n<td style=\"width: 7.47097%; text-align: center; height: 56px;\"><strong>P\u00f4vodn\u00e1 cena s\u00a0DPH <\/strong><\/td>\n<td style=\"width: 1.67785%; height: 56px;\" width=\"107\">\n<p style=\"text-align: center;\"><strong>Nav\u00fd\u0161enie<\/strong><\/p>\n<\/td>\n<td style=\"width: 9.93595%; text-align: center; height: 56px;\"><span style=\"color: #993300;\"><strong>Nov\u00e1 cena s DPH <\/strong><\/span><\/td>\n<\/tr>\n<tr style=\"height: 24px;\">\n<td style=\"width: 15.0296%; height: 24px;\">Optik 100 + TV z\u00e1klad<\/td>\n<td style=\"width: 7.47097%; height: 24px; text-align: center;\">13,00 \u20ac<\/td>\n<td style=\"width: 1.67785%; height: 24px; text-align: center;\">2,00 \u20ac<\/td>\n<td style=\"width: 9.93595%; height: 24px; text-align: center;\"><span style=\"color: #993300;\">15,00 \u20ac<\/span><\/td>\n<\/tr>\n<tr>\n<td style=\"width: 15.0296%;\">Optik 300 + TV z\u00e1klad<\/td>\n<td style=\"width: 7.47097%; text-align: center;\">15,00 \u20ac<\/td>\n<td style=\"width: 1.67785%; text-align: center;\">2,00 \u20ac<\/td>\n<td style=\"width: 9.93595%; text-align: center;\"><span style=\"color: #993300;\">17,00 \u20ac<\/span><\/td>\n<\/tr>\n<tr style=\"height: 24px;\">\n<td style=\"width: 15.0296%; height: 24px;\">Optik 100 + TV roz\u0161\u00edren\u00e1<\/td>\n<td style=\"width: 7.47097%; height: 24px; text-align: center;\">17,00 \u20ac<\/td>\n<td style=\"width: 1.67785%; height: 24px; text-align: center;\">2,00 \u20ac<\/td>\n<td style=\"width: 9.93595%; height: 24px; text-align: center;\"><span style=\"color: #993300;\">19,00 \u20ac<\/span><\/td>\n<\/tr>\n<tr style=\"height: 24px;\">\n<td style=\"width: 15.0296%; height: 24px;\">Optik 300 + TV roz\u0161\u00edren\u00e1<\/td>\n<td style=\"width: 7.47097%; height: 24px; text-align: center;\">19,00 \u20ac<\/td>\n<td style=\"width: 1.67785%; height: 24px; text-align: center;\">2,00 \u20ac<\/td>\n<td style=\"width: 9.93595%; height: 24px; text-align: center;\"><span style=\"color: #993300;\">21,00 \u20ac<\/span><\/td>\n<\/tr>\n<tr style=\"height: 24px;\">\n<td style=\"width: 15.0296%; height: 24px;\">Optik 100 + Slovanet TV<\/td>\n<td style=\"width: 7.47097%; height: 24px; text-align: center;\"><\/td>\n<td style=\"width: 1.67785%; height: 24px; text-align: center;\"><\/td>\n<td style=\"width: 9.93595%; height: 24px; text-align: center;\"><span style=\"color: #993300;\">22,00 \u20ac<\/span><\/td>\n<\/tr>\n<tr style=\"height: 24px;\">\n<td style=\"width: 15.0296%; height: 24px;\">Optik 300 + Slovanet TV<\/td>\n<td style=\"width: 7.47097%; height: 24px; text-align: center;\"><\/td>\n<td style=\"width: 1.67785%; height: 24px; text-align: center;\"><\/td>\n<td style=\"width: 9.93595%; height: 24px; text-align: center;\"><span style=\"color: #993300;\">27,00 \u20ac<\/span><\/td>\n<\/tr>\n<tr style=\"height: 24px;\">\n<td style=\"width: 15.0296%; height: 24px;\">Optik 100<\/td>\n<td style=\"width: 7.47097%; height: 24px; text-align: center;\">11,00 \u20ac<\/td>\n<td style=\"width: 1.67785%; height: 24px; text-align: center;\">1,00 \u20ac<\/td>\n<td style=\"width: 9.93595%; height: 24px; text-align: center;\"><span style=\"color: #993300;\">12,00 \u20ac<\/span><\/td>\n<\/tr>\n<tr style=\"height: 24px;\">\n<td style=\"width: 15.0296%; height: 24px;\">Optik 300<\/td>\n<td style=\"width: 7.47097%; height: 24px; text-align: center;\">14,00 \u20ac<\/td>\n<td style=\"width: 1.67785%; height: 24px; text-align: center;\">1,50 \u20ac<\/td>\n<td style=\"width: 9.93595%; height: 24px; text-align: center;\"><span style=\"color: #993300;\">15,50 \u20ac<\/span><\/td>\n<\/tr>\n<tr style=\"height: 24px;\">\n<td style=\"width: 15.0296%; height: 24px;\">TV z\u00e1klad<\/td>\n<td style=\"width: 7.47097%; height: 24px; text-align: center;\">7,00 \u20ac<\/td>\n<td style=\"width: 1.67785%; height: 24px; text-align: center;\">0,50 \u20ac<\/td>\n<td style=\"width: 9.93595%; height: 24px; text-align: center;\"><span style=\"color: #993300;\">7,50 \u20ac<\/span><\/td>\n<\/tr>\n<tr>\n<td style=\"width: 15.0296%;\">TV roz\u0161\u00edren\u00e1<\/td>\n<td style=\"width: 7.47097%; text-align: center;\">11,00 \u20ac<\/td>\n<td style=\"width: 1.67785%; text-align: center;\">1,00 \u20ac<\/td>\n<td style=\"width: 9.93595%; text-align: center;\"><span style=\"color: #993300;\">12,00 \u20ac<\/span><\/td>\n<\/tr>\n<tr>\n<td style=\"width: 15.0296%;\">Modem<\/td>\n<td style=\"width: 7.47097%; text-align: center;\">1,00 \u20ac<\/td>\n<td style=\"width: 1.67785%; text-align: center;\"><\/td>\n<td style=\"width: 9.93595%; text-align: center;\"><span style=\"color: #993300;\">1,00 \u20ac<\/span><\/td>\n<\/tr>\n<tr>\n<td style=\"width: 15.0296%;\">Arris\u00a0 box<\/td>\n<td style=\"width: 7.47097%; text-align: center;\"><\/td>\n<td style=\"width: 1.67785%; text-align: center;\"><\/td>\n<td style=\"width: 9.93595%; text-align: center;\"><span style=\"color: #993300;\">2,00 \u20ac<\/span><\/td>\n<\/tr>\n<tr>\n<td style=\"width: 15.0296%;\">Media box<\/td>\n<td style=\"width: 7.47097%; text-align: center;\"><\/td>\n<td style=\"width: 1.67785%; text-align: center;\"><\/td>\n<td style=\"width: 9.93595%; text-align: center;\"><span style=\"color: #993300;\">2,00 \u20ac<\/span><\/td>\n<\/tr>\n<tr>\n<td style=\"width: 15.0296%;\">IP adresa<\/td>\n<td style=\"width: 7.47097%; text-align: center;\">5,95 \u20ac<\/td>\n<td style=\"width: 1.67785%; text-align: center;\"><\/td>\n<td style=\"width: 9.93595%; text-align: center;\"><span style=\"color: #993300;\">5,95 \u20ac<\/span><\/td>\n<\/tr>\n<\/tbody>\n<\/table>\n<table style=\"width: 48.8581%;\">\n<tbody>\n<tr>\n<td style=\"width: 87.7396%;\" colspan=\"4\">\n<p style=\"text-align: center;\"><strong>Cenn\u00edk slu\u017eieb podnikatelia<\/strong><\/p>\n<\/td>\n<\/tr>\n<tr>\n<td style=\"width: 31.2304%; text-align: center;\"><strong>N\u00e1zov slu\u017eby<\/strong><\/td>\n<td style=\"width: 20.7823%; text-align: center;\"><strong>P\u00f4vodn\u00e1 cena s\u00a0DPH <\/strong><\/td>\n<td style=\"width: 14.5937%; text-align: center;\"><strong>Nav\u00fd\u0161enie<\/strong><\/td>\n<td style=\"width: 21.1332%; text-align: center;\"><span style=\"color: #993300;\"><strong>Nov\u00e1 cena s DPH <\/strong><\/span><\/td>\n<\/tr>\n<tr>\n<td style=\"width: 31.2304%;\">Optik 100 + TV z\u00e1klad<\/td>\n<td style=\"width: 20.7823%; text-align: center;\">20,00 \u20ac<\/td>\n<td style=\"width: 14.5937%; text-align: center;\">2,00 \u20ac<\/td>\n<td style=\"text-align: center; width: 21.1332%;\"><span style=\"color: #993300;\">22,00 \u20ac<\/span><\/td>\n<\/tr>\n<tr>\n<td style=\"width: 31.2304%;\">Optik 300 + TV z\u00e1klad<\/td>\n<td style=\"width: 20.7823%; text-align: center;\">22,00 \u20ac<\/td>\n<td style=\"width: 14.5937%; text-align: center;\">2,00 \u20ac<\/td>\n<td style=\"text-align: center; width: 21.1332%;\"><span style=\"color: #993300;\">24,00 \u20ac<\/span><\/td>\n<\/tr>\n<tr>\n<td style=\"width: 31.2304%;\">Optik 100 + TV roz\u0161\u00edren\u00e1<\/td>\n<td style=\"width: 20.7823%; text-align: center;\">25,00 \u20ac<\/td>\n<td style=\"width: 14.5937%; text-align: center;\">2,00 \u20ac<\/td>\n<td style=\"text-align: center; width: 21.1332%;\"><span style=\"color: #993300;\">27,00 \u20ac<\/span><\/td>\n<\/tr>\n<tr>\n<td style=\"width: 31.2304%;\">Optik 300 + TV roz\u0161\u00edren\u00e1<\/td>\n<td style=\"width: 20.7823%; text-align: center;\">27,00 \u20ac<\/td>\n<td style=\"width: 14.5937%; text-align: center;\">2,00 \u20ac<\/td>\n<td style=\"text-align: center; width: 21.1332%;\"><span style=\"color: #993300;\">29,00 \u20ac<\/span><\/td>\n<\/tr>\n<tr>\n<td style=\"width: 31.2304%;\">Optik 100 + Slovanet TV<\/td>\n<td style=\"width: 20.7823%; text-align: center;\"><\/td>\n<td style=\"width: 14.5937%; text-align: center;\"><\/td>\n<td style=\"text-align: center; width: 21.1332%;\"><span style=\"color: #993300;\">22,00 \u20ac<\/span><\/td>\n<\/tr>\n<tr>\n<td style=\"width: 31.2304%;\">Optik 300 + Slovanet TV<\/td>\n<td style=\"width: 20.7823%; text-align: center;\"><\/td>\n<td style=\"width: 14.5937%; text-align: center;\"><\/td>\n<td style=\"text-align: center; width: 21.1332%;\"><span style=\"color: #993300;\">27,00 \u20ac<\/span><\/td>\n<\/tr>\n<tr>\n<td style=\"width: 31.2304%;\">Optik 100<\/td>\n<td style=\"width: 20.7823%; text-align: center;\">15,50 \u20ac<\/td>\n<td style=\"width: 14.5937%; text-align: center;\">1,00 \u20ac<\/td>\n<td style=\"text-align: center; width: 21.1332%;\"><span style=\"color: #993300;\">16,50 \u20ac<\/span><\/td>\n<\/tr>\n<tr>\n<td style=\"width: 31.2304%;\">Optik 300<\/td>\n<td style=\"width: 20.7823%; text-align: center;\">18,50 \u20ac<\/td>\n<td style=\"width: 14.5937%; text-align: center;\">1,50 \u20ac<\/td>\n<td style=\"text-align: center; width: 21.1332%;\"><span style=\"color: #993300;\">20,00 \u20ac<\/span><\/td>\n<\/tr>\n<tr>\n<td style=\"width: 31.2304%;\">TV z\u00e1klad<\/td>\n<td style=\"width: 20.7823%; text-align: center;\">8,00 \u20ac<\/td>\n<td style=\"width: 14.5937%; text-align: center;\">0,50 \u20ac<\/td>\n<td style=\"text-align: center; width: 21.1332%;\"><span style=\"color: #993300;\">8,50 \u20ac<\/span><\/td>\n<\/tr>\n<tr>\n<td style=\"width: 31.2304%;\">TV roz\u0161\u00edren\u00e1<\/td>\n<td style=\"width: 20.7823%; text-align: center;\">12,50 \u20ac<\/td>\n<td style=\"width: 14.5937%; text-align: center;\">1,00 \u20ac<\/td>\n<td style=\"text-align: center; width: 21.1332%;\"><span style=\"color: #993300;\">13,50 \u20ac<\/span><\/td>\n<\/tr>\n<tr>\n<td style=\"width: 31.2304%;\">Modem<\/td>\n<td style=\"width: 20.7823%; text-align: center;\">1,00 \u20ac<\/td>\n<td style=\"width: 14.5937%; text-align: center;\"><\/td>\n<td style=\"text-align: center; width: 21.1332%;\"><span style=\"color: #993300;\">1,00 \u20ac<\/span><\/td>\n<\/tr>\n<tr>\n<td style=\"width: 31.2304%;\">Arris\u00a0 box<\/td>\n<td style=\"width: 20.7823%; text-align: center;\"><\/td>\n<td style=\"width: 14.5937%; text-align: center;\"><\/td>\n<td style=\"text-align: center; width: 21.1332%;\"><span style=\"color: #993300;\">2,00 \u20ac<\/span><\/td>\n<\/tr>\n<tr>\n<td style=\"width: 31.2304%;\">Media box<\/td>\n<td style=\"width: 20.7823%; text-align: center;\"><\/td>\n<td style=\"width: 14.5937%; text-align: center;\"><\/td>\n<td style=\"text-align: center; width: 21.1332%;\"><span style=\"color: #993300;\">2,00 \u20ac<\/span><\/td>\n<\/tr>\n<tr>\n<td style=\"width: 31.2304%;\">IP adresa<\/td>\n<td style=\"width: 20.7823%; text-align: center;\">5,95 \u20ac<\/td>\n<td style=\"width: 14.5937%; text-align: center;\"><\/td>\n<td style=\"text-align: center; width: 21.1332%;\"><span style=\"color: #993300;\">5,95 \u20ac<\/span><\/td>\n<\/tr>\n<\/tbody>\n<\/table>\n<p>[\/vc_column_text][\/vc_column][\/vc_row]<\/p>\n","protected":false},"excerpt":{"rendered":"<p>[vc_row][vc_column][vc_column_text] Cenn\u00edk slu\u017eieb ob\u010dania N\u00e1zov slu\u017eby P\u00f4vodn\u00e1 cena s\u00a0DPH Nav\u00fd\u0161enie Nov\u00e1 cena s DPH Optik 100 + TV z\u00e1klad 13,00 \u20ac 2,00 \u20ac 15,00 \u20ac Optik 300 + TV z\u00e1klad 15,00 \u20ac 2,00 \u20ac 17,00 \u20ac Optik 100 + TV&#8230;<\/p>\n","protected":false},"author":1,"featured_media":0,"parent":0,"menu_order":0,"comment_status":"closed","ping_status":"closed","template":"","meta":{"footnotes":""},"class_list":["post-144","page","type-page","status-publish","hentry"],"_links":{"self":[{"href":"https:\/\/sop-ka.sk\/index.php?rest_route=\/wp\/v2\/pages\/144","targetHints":{"allow":["GET"]}}],"collection":[{"href":"https:\/\/sop-ka.sk\/index.php?rest_route=\/wp\/v2\/pages"}],"about":[{"href":"https:\/\/sop-ka.sk\/index.php?rest_route=\/wp\/v2\/types\/page"}],"author":[{"embeddable":true,"href":"https:\/\/sop-ka.sk\/index.php?rest_route=\/wp\/v2\/users\/1"}],"replies":[{"embeddable":true,"href":"https:\/\/sop-ka.sk\/index.php?rest_route=%2Fwp%2Fv2%2Fcomments&post=144"}],"version-history":[{"count":21,"href":"https:\/\/sop-ka.sk\/index.php?rest_route=\/wp\/v2\/pages\/144\/revisions"}],"predecessor-version":[{"id":241,"href":"https:\/\/sop-ka.sk\/index.php?rest_route=\/wp\/v2\/pages\/144\/revisions\/241"}],"wp:attachment":[{"href":"https:\/\/sop-ka.sk\/index.php?rest_route=%2Fwp%2Fv2%2Fmedia&parent=144"}],"curies":[{"name":"wp","href":"https:\/\/api.w.org\/{rel}","templated":true}]}}