{"id":82,"date":"2022-10-05T07:39:37","date_gmt":"2022-10-05T05:39:37","guid":{"rendered":"https:\/\/sop-ka.sk\/?page_id=82"},"modified":"2023-12-20T21:46:08","modified_gmt":"2023-12-20T20:46:08","slug":"clenovia-poradneho-vyboru","status":"publish","type":"page","link":"https:\/\/sop-ka.sk\/?page_id=82","title":{"rendered":"\u010dlenovia poradn\u00e9ho v\u00fdboru"},"content":{"rendered":"<p>[vc_row][vc_column][vc_column_text]- Mgr. Denisa Belfiov\u00e1\u00a0 (obyvate\u013e obce, v ktorej je umiestnen\u00e1 prev\u00e1dzka RSP)<\/p>\n<p>&#8211; Michal Moln\u00e1r (v pracovnom pomere zamestnanec RSP, Z\u0164P)<\/p>\n<p>&#8211; Anna Roman\u010d\u00edkov\u00e1 (v pracovnom pomere s RSP)[\/vc_column_text][\/vc_column][\/vc_row]<\/p>\n","protected":false},"excerpt":{"rendered":"<p>[vc_row][vc_column][vc_column_text]- Mgr. Denisa Belfiov\u00e1\u00a0 (obyvate\u013e obce, v ktorej je umiestnen\u00e1 prev\u00e1dzka RSP) &#8211; Michal Moln\u00e1r (v pracovnom pomere zamestnanec RSP, Z\u0164P) &#8211; Anna Roman\u010d\u00edkov\u00e1 (v pracovnom pomere s RSP)[\/vc_column_text][\/vc_column][\/vc_row]<\/p>\n","protected":false},"author":1,"featured_media":0,"parent":0,"menu_order":0,"comment_status":"closed","ping_status":"closed","template":"","meta":{"footnotes":""},"class_list":["post-82","page","type-page","status-publish","hentry"],"_links":{"self":[{"href":"https:\/\/sop-ka.sk\/index.php?rest_route=\/wp\/v2\/pages\/82","targetHints":{"allow":["GET"]}}],"collection":[{"href":"https:\/\/sop-ka.sk\/index.php?rest_route=\/wp\/v2\/pages"}],"about":[{"href":"https:\/\/sop-ka.sk\/index.php?rest_route=\/wp\/v2\/types\/page"}],"author":[{"embeddable":true,"href":"https:\/\/sop-ka.sk\/index.php?rest_route=\/wp\/v2\/users\/1"}],"replies":[{"embeddable":true,"href":"https:\/\/sop-ka.sk\/index.php?rest_route=%2Fwp%2Fv2%2Fcomments&post=82"}],"version-history":[{"count":5,"href":"https:\/\/sop-ka.sk\/index.php?rest_route=\/wp\/v2\/pages\/82\/revisions"}],"predecessor-version":[{"id":209,"href":"https:\/\/sop-ka.sk\/index.php?rest_route=\/wp\/v2\/pages\/82\/revisions\/209"}],"wp:attachment":[{"href":"https:\/\/sop-ka.sk\/index.php?rest_route=%2Fwp%2Fv2%2Fmedia&parent=82"}],"curies":[{"name":"wp","href":"https:\/\/api.w.org\/{rel}","templated":true}]}}