{"id":92,"date":"2022-10-05T08:16:37","date_gmt":"2022-10-05T06:16:37","guid":{"rendered":"https:\/\/sop-ka.sk\/?page_id=92"},"modified":"2022-10-05T09:02:55","modified_gmt":"2022-10-05T07:02:55","slug":"volby-do-poradneho-vyboru-2022","status":"publish","type":"page","link":"https:\/\/sop-ka.sk\/?page_id=92","title":{"rendered":"Vo\u013eby do poradn\u00e9ho v\u00fdboru 2022"},"content":{"rendered":"<div class=\"b b-text cf\">\n<div class=\"b-c b-text-c b-s b-s-t60 b-s-b60 b-cs cf\">\n<p style=\"text-align: center;\"><strong>OZN\u00c1MENIE O KONAN\u00cd VOLIEB DO PORADN\u00c9HO V\u00ddBORU REGISTROVAN\u00c9HO SOCI\u00c1LNEHO PODNIKU<\/strong><\/p>\n<p style=\"text-align: center;\"><strong>Soci\u00e1lny podnik Kaln\u00e1 s.r.o., r.s.p.<\/strong><\/p>\n<p>&nbsp;<\/p>\n<p>Vedenie obchodnej spolo\u010dnosti Soci\u00e1lny podnik Kaln\u00e1 s.r.o., r.s.p. oznamuje, \u017ee 23.05.2022 od 08:00 do 15:00 sa<br \/>\nv priestoroch sob\u00e1\u0161nej s\u00e1ly na adrese \u010dervenej arm\u00e1dy 55, 93532 Kaln\u00e1 nad Hronom uskuto\u010dnia vo\u013eby do poradn\u00e9ho v\u00fdboru registrovan\u00e9ho soci\u00e1lneho podniku Soci\u00e1lny podnik Kaln\u00e1 s.r.o., r.s.p. , ktor\u00e9ho kompetencie vymedzuje ustanovenie<br \/>\n\u00a7 9 z\u00e1kona \u010d. 112\/2018 Z. z. z\u00e1kona o soci\u00e1lnej ekonomike a soci\u00e1lnych podnikoch a o zmene a doplnen\u00ed niektor\u00fdch z\u00e1konov v platnom znen\u00ed a upravuje intern\u00fd predpis obchodnej spolo\u010dnosti \u010d. 01\/2022.<\/p>\n<p>Vo vo\u013eb\u00e1ch za \u010dlena poradn\u00e9ho v\u00fdboru m\u00e1 pr\u00e1vo kandidova\u0165:<\/p>\n<ul>\n<li>zamestnanec registrovan\u00e9ho soci\u00e1lneho podnik Soci\u00e1lny podnik Kaln\u00e1 s.r.o., r.s.p.<\/li>\n<li>spotrebite\u013e tovaru alebo slu\u017eby, ktor\u00e9 vyr\u00e1ba, dod\u00e1va, poskytuje alebo distribuuje pr\u00edslu\u0161n\u00fd soci\u00e1lny podnik,<\/li>\n<li>obyvate\u013e obce Kaln\u00e1 nad Hronom, ako obce, v ktorej je umiestnen\u00e1 prev\u00e1dzka registrovan\u00e9ho soci\u00e1lneho podniku,<\/li>\n<li>fyzick\u00e1 osoba, ktor\u00e1 pre registrovan\u00fd soci\u00e1lny podnik Soci\u00e1lny podnik Kaln\u00e1 s.r.o., r.s.p. v predch\u00e1dzaj\u00facich 12 po sebe nasleduj\u00facich mesiacoch vykonala dobrovo\u013en\u00edcku \u010dinnos\u0165 v rozsahu najmenej 150 hod\u00edn.<\/li>\n<\/ul>\n<p>ak je ob\u010danom Slovenskej republiky alebo cudzinec, ktor\u00fd m\u00e1 trval\u00fd pobyt v obci, m\u00e1 viac ako 18 rokov a v \u010dase volieb sp\u013a\u0148a niektor\u00e9 z nasledovn\u00fdch krit\u00e9ri\u00ed:<\/p>\n<ul>\n<li>u zamestnanca RSP je<strong> krit\u00e9riom platn\u00e1 a \u00fa\u010dinn\u00e1 pracovn\u00e1 zmluva,<\/strong><\/li>\n<li>u spotrebite\u013ea tovaru alebo slu\u017eby, ktor\u00e9 RSP vyr\u00e1ba, dod\u00e1va, poskytuje alebo distribuuje je<strong> krit\u00e9riom najmenej jeden zmluvn\u00fd vz\u0165ah medzi RSP a spotrebite\u013eom, v r\u00e1mci ktor\u00e9ho sa realizovala aspo\u0148 jedna v\u00fdroba alebo dod\u00e1vka tovaru \u010di poskytnutie slu\u017eby zo strany RSP smerom k spotrebite\u013eovi,<\/strong><\/li>\n<li>u obyvate\u013ea obce, v ktorej je umiestnen\u00e1 prev\u00e1dzka RSP je<strong> krit\u00e9riom trval\u00fd pobyt v obci,<\/strong><\/li>\n<li>u fyzickej osoby, ktor\u00e1 pre RSP v predch\u00e1dzaj\u00facich 12 po sebe nasleduj\u00facich mesiacoch vykonala dobrovo\u013en\u00edcku \u010dinnos\u0165 v rozsahu najmenej 150 hod\u00edn je <strong>krit\u00e9riom Zmluva o dobrovo\u013en\u00edckej \u010dinnosti uzatvoren\u00e1 medzi RSP a dobrovo\u013en\u00edkom a ak\u00e9ko\u013evek potvrdenie alebo v\u00fdkaz potvrden\u00fd RSP, z ktor\u00fdch vypl\u00fdva v\u00fdkon dobrovo\u013en\u00edckej \u010dinnosti v prospech RSP v rozsahu najmenej 150 hod\u00edn v prech\u00e1dzaj\u00facich 12 po sebe nasleduj\u00facich kalend\u00e1rnych mesiacov.<\/strong><\/li>\n<\/ul>\n<p>Kandid\u00e1ti na \u010dlena poradn\u00e9ho v\u00fdboru m\u00f4\u017eu pod\u00e1va\u0165 p\u00edsomn\u00e9 kandid\u00e1tky v s\u00eddle spolo\u010dnosti na adrese ulica \u010cervenej arm\u00e1dy 55,93532 Kaln\u00e1 nad Hronom do 21.4.2022<\/p>\n<p>Kandida\u010dn\u00fd formul\u00e1r mus\u00ed obsahova\u0165 meno, priezvisko, titul, d\u00e1tum narodenia, telefonick\u00fd kontakt<br \/>\na adresu trval\u00e9ho pobytu.<\/p>\n<p>Zoznam dokladov, ktor\u00e9 je potrebn\u00e9 pripoji\u0165 ku kandida\u010dn\u00e9mu formul\u00e1ru do volieb za \u010dlena poradn\u00e9ho v\u00fdboru:<\/p>\n<ul>\n<li>vlastnoru\u010dne podp\u00edsan\u00e9 \u010destn\u00e9 vyhl\u00e1senie o skuto\u010dnosti, \u017ee osoba je zamestnanec pr\u00edslu\u0161n\u00e9ho registrovan\u00e9ho soci\u00e1lneho podniku alebo spotrebite\u013e tovaru alebo slu\u017eby, ktor\u00e9 vyr\u00e1ba, dod\u00e1va, poskytuje alebo distribuuje pr\u00edslu\u0161n\u00fd registrovan\u00fd soci\u00e1lny podnik, alebo obyvate\u013e obce, v ktorej je umiestnen\u00e1 prev\u00e1dzka pr\u00edslu\u0161n\u00e9ho registrovan\u00e9ho soci\u00e1lneho podniku alebo \u017ee je fyzick\u00e1 osoba, alebo ktor\u00e1 pre registrovan\u00fd soci\u00e1lny podnik v predch\u00e1dzaj\u00facich 12 po sebe nasleduj\u00facich mesiacoch vykonala dobrovo\u013en\u00edcku \u010dinnos\u0165 v rozsahu najmenej 150 hod\u00edn. Voli\u010d je povinn\u00fd v \u010destnom vyhl\u00e1sen\u00ed uvies\u0165 spr\u00e1vne a \u00fapln\u00e9 \u00fadaje, inak sa dop\u00fa\u0161\u0165a priestupku pod\u013ea \u00a721 ods. 1. p\u00edsm. b) z\u00e1kona \u010d. 372\/1990 Zb. o priestupkoch.<\/li>\n<li>s\u00fahlas na pou\u017eitie osobn\u00fdch \u00fadajov pre potreby ich spracovania a zverejnenia v r\u00e1mci volieb<br \/>\ndo poradn\u00e9ho v\u00fdboru registrovan\u00e9ho soci\u00e1lneho podniku v zmysle z\u00e1kona \u010d. 18\/2018 Z. z. z\u00e1kona o ochrane osobn\u00fdch \u00fadajov v znen\u00ed neskor\u0161\u00edch predpisov.<\/li>\n<\/ul>\n<p>Zvolen\u00ed kandid\u00e1ti sa stan\u00fa \u010dlenmi poradn\u00e9ho v\u00fdboru na obdobie 5 rokov.<\/p>\n<\/div>\n<\/div>\n<div class=\"b b-s b-hr-line line-auto\">\n<hr class=\"line-style line-color\" \/>\n<\/div>\n<div class=\"b b-text cf\">\n<div class=\"b-c b-text-c b-s b-s-t60 b-s-b60 b-cs cf\">\n<p class=\"wnd-align-center\"><strong>Kandid\u00e1ti do poradn\u00e9ho v\u00fdboru registrovan\u00e9ho soci\u00e1lneho podniku<br \/>\n<\/strong><\/p>\n<p>&#8211; Mgr. Denisa Belfiov\u00e1\u00a0\u00a0\u00a0\u00a0\u00a0\u00a0\u00a0\u00a0\u00a0\u00a0\u00a0\u00a0\u00a0\u00a0 obyvate\u013e obce<\/p>\n<p>&#8211; Michal Moln\u00e1r\u00a0\u00a0\u00a0\u00a0\u00a0\u00a0\u00a0\u00a0\u00a0\u00a0\u00a0\u00a0\u00a0\u00a0\u00a0\u00a0\u00a0\u00a0\u00a0\u00a0\u00a0\u00a0\u00a0\u00a0\u00a0 zamestnanec RSP<\/p>\n<p>&#8211; Vikt\u00f3ria Ko\u010derhov\u00e1\u00a0\u00a0\u00a0\u00a0\u00a0\u00a0\u00a0\u00a0\u00a0\u00a0\u00a0\u00a0\u00a0\u00a0\u00a0\u00a0 zamestnanec RSP<\/p>\n<p>&#8211; Anna Roman\u010d\u00edkov\u00e1\u00a0\u00a0\u00a0\u00a0\u00a0\u00a0\u00a0\u00a0\u00a0\u00a0\u00a0\u00a0\u00a0\u00a0\u00a0\u00a0 obyvate\u013e obce<\/p>\n<\/div>\n<\/div>\n<div class=\"b b-s b-hr-line line-auto\">\n<hr class=\"line-style line-color\" \/>\n<\/div>\n<div class=\"b b-text cf\">\n<div class=\"b-c b-text-c b-s b-s-t60 b-s-b60 b-cs cf\">\n<p class=\"wnd-align-center\"><strong>\u010clenovia volebnej komisie<\/strong><\/p>\n<p>Bc.Nat\u00e1lia Kov\u00e1\u010dov\u00e1<\/p>\n<p>Ing. Lucia Kecsk\u00e9sov\u00e1<\/p>\n<p>Vlasta Arp\u00e1\u0161ov\u00e1<\/p>\n<p style=\"text-align: center;\"><strong>Dokumenty na stiahnutie<\/strong><\/p>\n<p><a href=\"https:\/\/sop-ka.sk\/wp-content\/uploads\/2022\/10\/Cestne-vyhlasenie-kandidata-za-clena-PV-1.docx\">\u010cestn\u00e9 vyhl\u00e1senie kandid\u00e1ta za \u010dlena PV<\/a><\/p>\n<p><a href=\"https:\/\/sop-ka.sk\/wp-content\/uploads\/2022\/10\/Kandidacny-formular-kandidata-na-clena-PV.odt\">Kandida\u010dn\u00fd formul\u00e1r kandid\u00e1ta na \u010dlena PV<\/a><\/p>\n<\/div>\n<\/div>\n","protected":false},"excerpt":{"rendered":"<p>OZN\u00c1MENIE O KONAN\u00cd VOLIEB DO PORADN\u00c9HO V\u00ddBORU REGISTROVAN\u00c9HO SOCI\u00c1LNEHO PODNIKU Soci\u00e1lny podnik Kaln\u00e1 s.r.o., r.s.p. &nbsp; Vedenie obchodnej spolo\u010dnosti Soci\u00e1lny podnik Kaln\u00e1 s.r.o., r.s.p. oznamuje, \u017ee 23.05.2022 od 08:00 do 15:00 sa v priestoroch sob\u00e1\u0161nej s\u00e1ly na adrese \u010dervenej arm\u00e1dy&#8230;<\/p>\n","protected":false},"author":1,"featured_media":0,"parent":0,"menu_order":0,"comment_status":"closed","ping_status":"closed","template":"","meta":{"footnotes":""},"class_list":["post-92","page","type-page","status-publish","hentry"],"_links":{"self":[{"href":"https:\/\/sop-ka.sk\/index.php?rest_route=\/wp\/v2\/pages\/92","targetHints":{"allow":["GET"]}}],"collection":[{"href":"https:\/\/sop-ka.sk\/index.php?rest_route=\/wp\/v2\/pages"}],"about":[{"href":"https:\/\/sop-ka.sk\/index.php?rest_route=\/wp\/v2\/types\/page"}],"author":[{"embeddable":true,"href":"https:\/\/sop-ka.sk\/index.php?rest_route=\/wp\/v2\/users\/1"}],"replies":[{"embeddable":true,"href":"https:\/\/sop-ka.sk\/index.php?rest_route=%2Fwp%2Fv2%2Fcomments&post=92"}],"version-history":[{"count":3,"href":"https:\/\/sop-ka.sk\/index.php?rest_route=\/wp\/v2\/pages\/92\/revisions"}],"predecessor-version":[{"id":102,"href":"https:\/\/sop-ka.sk\/index.php?rest_route=\/wp\/v2\/pages\/92\/revisions\/102"}],"wp:attachment":[{"href":"https:\/\/sop-ka.sk\/index.php?rest_route=%2Fwp%2Fv2%2Fmedia&parent=92"}],"curies":[{"name":"wp","href":"https:\/\/api.w.org\/{rel}","templated":true}]}}